{"id":14,"date":"2021-05-15T21:48:39","date_gmt":"2021-05-15T19:48:39","guid":{"rendered":"http:\/\/amandes-et-cie.com\/?page_id=14"},"modified":"2023-10-18T19:59:04","modified_gmt":"2023-10-18T17:59:04","slug":"financiers-aux-amandes","status":"publish","type":"page","link":"https:\/\/amandes-et-cie.com\/","title":{"rendered":"Amandes &#038; Compagnie"},"content":{"rendered":"\n<p>Amandes &amp; Compagnie vous propose une gamme compl\u00e8te de financiers p\u00e2tiss\u00e9s artisanalement dans notre laboratoire de S\u00e8vres..<\/p>\n\n\n\n<p>Entre le financier aux amandes, les d\u00e9clinaisons noisette, pistache, noix&#8230; et toutes les saveurs originales, vous trouverez vos pr\u00e9f\u00e9r\u00e9s.<\/p>\n\n\n\n<p>La plupart existent en deux formats : le traditionnel, et les petits (un tiers) pour se laisser tenter plus facilement et varier les plaisirs.<\/p>\n\n\n\n<p><h3>POUR COMMANDER<\/h3><\/p>\n\n\n\n<p>Il y a deux fa\u00e7ons de go\u00fbter nos Financiers. Vous pouvez les commander instantan\u00e9ment sur le site \u00e0 travers la <span style=\"color: #bfa200;\"><a style=\"color: #bfa200;\" href=\"https:\/\/amandes-et-cie.com\/index.php\/shop\/\">e-Boutique <\/a><\/span>qui pr\u00e9sente toutes les vari\u00e9t\u00e9s disponibles. Votre choix sera pr\u00e9par\u00e9 et disponible dans les meilleurs d\u00e9lais.<\/p>\n\n\n\n<p>Ou bien vous avez un \u00e9v\u00e8nement pr\u00e9vu qui n\u00e9cessite un devis personnalis\u00e9 pour une quantit\u00e9 et une vari\u00e9t\u00e9 significative, ainsi qu&rsquo;une date de livraison fix\u00e9e. Dans ce cas n&rsquo;h\u00e9sitez pas \u00e0 cliquez sur <a href=\"https:\/\/amandes-et-cie.com\/index.php\/vos-evenements\/\"><span style=\"color: #bfa200;\">Vos \u00e9v\u00e8nements<\/span><\/a> et laissez-vous guider.<\/p>\n\n\n\n<p>Bonne d\u00e9gustation !<\/p>\n\n\n\n<figure class=\"wp-block-image\"><a href=\"https:\/\/amandes-et-cie.com\/index.php\/shop\/?orderby=price\"><img decoding=\"async\" src=\"https:\/\/amandes-et-cie.com\/wp-content\/uploads\/2021\/05\/Amande_st_et_mini-1024x656.jpg\" alt=\"\"\/><\/a><\/figure>\n","protected":false},"excerpt":{"rendered":"<p>Amandes &amp; Compagnie vous propose une gamme compl\u00e8te de financiers p\u00e2tiss\u00e9s artisanalement dans notre laboratoire de S\u00e8vres.. Entre le financier aux amandes, les d\u00e9clinaisons noisette, pistache, noix&#8230; et toutes les saveurs originales, vous trouverez vos pr\u00e9f\u00e9r\u00e9s. La plupart existent en [&hellip;]<\/p>\n","protected":false},"author":1,"featured_media":753,"parent":0,"menu_order":0,"comment_status":"closed","ping_status":"closed","template":"","meta":{"footnotes":""},"yoast_head":"<!-- This site is optimized with the Yoast SEO plugin v21.2 - https:\/\/yoast.com\/wordpress\/plugins\/seo\/ -->\n<title>Financiers aux amandes artisanaux par Amandes et Compagnie<\/title>\n<meta name=\"description\" content=\"Amandes et Compagnie est d\u00e9di\u00e9 aux biscuits financiers et douceurs artisanales \u00e0 base de fruits \u00e0 coque. C&#039;est la marque de Jean Outters Gourmets.\" \/>\n<meta name=\"robots\" content=\"index, follow, max-snippet:-1, max-image-preview:large, max-video-preview:-1\" \/>\n<link rel=\"canonical\" href=\"https:\/\/amandes-et-cie.com\/\" \/>\n<meta property=\"og:locale\" content=\"fr_FR\" \/>\n<meta property=\"og:type\" content=\"article\" \/>\n<meta property=\"og:title\" content=\"Financiers aux amandes artisanaux par Amandes et Compagnie\" \/>\n<meta property=\"og:description\" content=\"Amandes et Compagnie est d\u00e9di\u00e9 aux biscuits financiers et douceurs artisanales \u00e0 base de fruits \u00e0 coque. C&#039;est la marque de Jean Outters Gourmets.\" \/>\n<meta property=\"og:url\" content=\"https:\/\/amandes-et-cie.com\/\" \/>\n<meta property=\"og:site_name\" content=\"Amandes et Compagnie\" \/>\n<meta property=\"article:modified_time\" content=\"2023-10-18T17:59:04+00:00\" \/>\n<meta property=\"og:image\" content=\"https:\/\/amandes-et-cie.com\/wp-content\/uploads\/2022\/06\/Pano_rectangle_largeur-2000-e1655325687348.jpg\" \/>\n\t<meta property=\"og:image:width\" content=\"827\" \/>\n\t<meta property=\"og:image:height\" content=\"509\" \/>\n\t<meta property=\"og:image:type\" content=\"image\/jpeg\" \/>\n<meta name=\"twitter:card\" content=\"summary_large_image\" \/>\n<meta name=\"twitter:label1\" content=\"Dur\u00e9e de lecture estim\u00e9e\" \/>\n\t<meta name=\"twitter:data1\" content=\"1 minute\" \/>\n<script type=\"application\/ld+json\" class=\"yoast-schema-graph\">{\"@context\":\"https:\/\/schema.org\",\"@graph\":[{\"@type\":\"WebPage\",\"@id\":\"https:\/\/amandes-et-cie.com\/\",\"url\":\"https:\/\/amandes-et-cie.com\/\",\"name\":\"Financiers aux amandes artisanaux par Amandes et Compagnie\",\"isPartOf\":{\"@id\":\"https:\/\/amandes-et-cie.com\/#website\"},\"datePublished\":\"2021-05-15T19:48:39+00:00\",\"dateModified\":\"2023-10-18T17:59:04+00:00\",\"description\":\"Amandes et Compagnie est d\u00e9di\u00e9 aux biscuits financiers et douceurs artisanales \u00e0 base de fruits \u00e0 coque. C'est la marque de Jean Outters Gourmets.\",\"breadcrumb\":{\"@id\":\"https:\/\/amandes-et-cie.com\/#breadcrumb\"},\"inLanguage\":\"fr-FR\",\"potentialAction\":[{\"@type\":\"ReadAction\",\"target\":[\"https:\/\/amandes-et-cie.com\/\"]}]},{\"@type\":\"BreadcrumbList\",\"@id\":\"https:\/\/amandes-et-cie.com\/#breadcrumb\",\"itemListElement\":[{\"@type\":\"ListItem\",\"position\":1,\"name\":\"Accueil\",\"item\":\"https:\/\/amandes-et-cie.com\/\"},{\"@type\":\"ListItem\",\"position\":2,\"name\":\"Amandes &#038; Compagnie\"}]},{\"@type\":\"WebSite\",\"@id\":\"https:\/\/amandes-et-cie.com\/#website\",\"url\":\"https:\/\/amandes-et-cie.com\/\",\"name\":\"Amandes et Compagnie\",\"description\":\"Bienvenue au nouveau labo \u00e0 S\u00e8vres\",\"potentialAction\":[{\"@type\":\"SearchAction\",\"target\":{\"@type\":\"EntryPoint\",\"urlTemplate\":\"https:\/\/amandes-et-cie.com\/?s={search_term_string}\"},\"query-input\":\"required name=search_term_string\"}],\"inLanguage\":\"fr-FR\"}]}<\/script>\n<!-- \/ Yoast SEO plugin. -->","yoast_head_json":{"title":"Financiers aux amandes artisanaux par Amandes et Compagnie","description":"Amandes et Compagnie est d\u00e9di\u00e9 aux biscuits financiers et douceurs artisanales \u00e0 base de fruits \u00e0 coque. C'est la marque de Jean Outters Gourmets.","robots":{"index":"index","follow":"follow","max-snippet":"max-snippet:-1","max-image-preview":"max-image-preview:large","max-video-preview":"max-video-preview:-1"},"canonical":"https:\/\/amandes-et-cie.com\/","og_locale":"fr_FR","og_type":"article","og_title":"Financiers aux amandes artisanaux par Amandes et Compagnie","og_description":"Amandes et Compagnie est d\u00e9di\u00e9 aux biscuits financiers et douceurs artisanales \u00e0 base de fruits \u00e0 coque. C'est la marque de Jean Outters Gourmets.","og_url":"https:\/\/amandes-et-cie.com\/","og_site_name":"Amandes et Compagnie","article_modified_time":"2023-10-18T17:59:04+00:00","og_image":[{"width":827,"height":509,"url":"https:\/\/amandes-et-cie.com\/wp-content\/uploads\/2022\/06\/Pano_rectangle_largeur-2000-e1655325687348.jpg","type":"image\/jpeg"}],"twitter_card":"summary_large_image","twitter_misc":{"Dur\u00e9e de lecture estim\u00e9e":"1 minute"},"schema":{"@context":"https:\/\/schema.org","@graph":[{"@type":"WebPage","@id":"https:\/\/amandes-et-cie.com\/","url":"https:\/\/amandes-et-cie.com\/","name":"Financiers aux amandes artisanaux par Amandes et Compagnie","isPartOf":{"@id":"https:\/\/amandes-et-cie.com\/#website"},"datePublished":"2021-05-15T19:48:39+00:00","dateModified":"2023-10-18T17:59:04+00:00","description":"Amandes et Compagnie est d\u00e9di\u00e9 aux biscuits financiers et douceurs artisanales \u00e0 base de fruits \u00e0 coque. C'est la marque de Jean Outters Gourmets.","breadcrumb":{"@id":"https:\/\/amandes-et-cie.com\/#breadcrumb"},"inLanguage":"fr-FR","potentialAction":[{"@type":"ReadAction","target":["https:\/\/amandes-et-cie.com\/"]}]},{"@type":"BreadcrumbList","@id":"https:\/\/amandes-et-cie.com\/#breadcrumb","itemListElement":[{"@type":"ListItem","position":1,"name":"Accueil","item":"https:\/\/amandes-et-cie.com\/"},{"@type":"ListItem","position":2,"name":"Amandes &#038; Compagnie"}]},{"@type":"WebSite","@id":"https:\/\/amandes-et-cie.com\/#website","url":"https:\/\/amandes-et-cie.com\/","name":"Amandes et Compagnie","description":"Bienvenue au nouveau labo \u00e0 S\u00e8vres","potentialAction":[{"@type":"SearchAction","target":{"@type":"EntryPoint","urlTemplate":"https:\/\/amandes-et-cie.com\/?s={search_term_string}"},"query-input":"required name=search_term_string"}],"inLanguage":"fr-FR"}]}},"_links":{"self":[{"href":"https:\/\/amandes-et-cie.com\/index.php\/wp-json\/wp\/v2\/pages\/14"}],"collection":[{"href":"https:\/\/amandes-et-cie.com\/index.php\/wp-json\/wp\/v2\/pages"}],"about":[{"href":"https:\/\/amandes-et-cie.com\/index.php\/wp-json\/wp\/v2\/types\/page"}],"author":[{"embeddable":true,"href":"https:\/\/amandes-et-cie.com\/index.php\/wp-json\/wp\/v2\/users\/1"}],"replies":[{"embeddable":true,"href":"https:\/\/amandes-et-cie.com\/index.php\/wp-json\/wp\/v2\/comments?post=14"}],"version-history":[{"count":67,"href":"https:\/\/amandes-et-cie.com\/index.php\/wp-json\/wp\/v2\/pages\/14\/revisions"}],"predecessor-version":[{"id":912,"href":"https:\/\/amandes-et-cie.com\/index.php\/wp-json\/wp\/v2\/pages\/14\/revisions\/912"}],"wp:featuredmedia":[{"embeddable":true,"href":"https:\/\/amandes-et-cie.com\/index.php\/wp-json\/wp\/v2\/media\/753"}],"wp:attachment":[{"href":"https:\/\/amandes-et-cie.com\/index.php\/wp-json\/wp\/v2\/media?parent=14"}],"curies":[{"name":"wp","href":"https:\/\/api.w.org\/{rel}","templated":true}]}}