{"id":260,"date":"2021-05-26T15:03:58","date_gmt":"2021-05-26T13:03:58","guid":{"rendered":"https:\/\/amandes-et-cie.com\/?page_id=260"},"modified":"2021-05-26T15:04:00","modified_gmt":"2021-05-26T13:04:00","slug":"mentions-legales","status":"publish","type":"page","link":"https:\/\/amandes-et-cie.com\/index.php\/mentions-legales\/","title":{"rendered":"Mentions Legales"},"content":{"rendered":"\n<p><strong>Amandes et Compagnie est une marque de la soci\u00e9t\u00e9 Jean Outters Gourmets, SAS au capital de 1000 \u20ac<\/strong><\/p>\n\n\n\n<p><strong>\u2022&nbsp;&nbsp;&nbsp;&nbsp;&nbsp;&nbsp;&nbsp;&nbsp;&nbsp; Soci\u00e9t\u00e9 inscrite au r\u00e9pertoire des m\u00e9tiers sous le num\u00e9ro 898 256 664 RM 92<\/strong><\/p>\n\n\n\n<p><strong>\u2022&nbsp;&nbsp;&nbsp;&nbsp;&nbsp;&nbsp;&nbsp;&nbsp;&nbsp; Si\u00e8ge social :<\/strong><\/p>\n\n\n\n<p><strong>\u2022&nbsp;&nbsp;&nbsp;&nbsp;&nbsp;&nbsp;&nbsp;&nbsp;&nbsp; 6 route du Cur\u00e9<\/strong><\/p>\n\n\n\n<p><strong>\u2022&nbsp;&nbsp;&nbsp;&nbsp;&nbsp;&nbsp;&nbsp;&nbsp;&nbsp; 92410&nbsp; VILLE D\u2019AVRAY<\/strong><\/p>\n\n\n\n<p><strong>\u2022&nbsp;&nbsp;&nbsp;&nbsp;&nbsp;&nbsp;&nbsp;&nbsp;&nbsp; 06 47 00 44 43 et<\/strong><\/p>\n\n\n\n<p><strong>\u2022&nbsp;&nbsp;&nbsp;&nbsp;&nbsp;&nbsp;&nbsp;&nbsp;&nbsp; Pr\u00e9sident et responsable de la publication : Jean Outters<\/strong><\/p>\n\n\n\n<p><strong>Site h\u00e9berg\u00e9 par SAS OVH 2 rue Kellermann &#8211; BP 80157 &#8211; 59100 Roubaix<\/strong><\/p>\n","protected":false},"excerpt":{"rendered":"<p>Amandes et Compagnie est une marque de la soci\u00e9t\u00e9 Jean Outters Gourmets, SAS au capital de 1000 \u20ac \u2022&nbsp;&nbsp;&nbsp;&nbsp;&nbsp;&nbsp;&nbsp;&nbsp;&nbsp; Soci\u00e9t\u00e9 inscrite au r\u00e9pertoire des m\u00e9tiers sous le num\u00e9ro 898 256 664 RM 92 \u2022&nbsp;&nbsp;&nbsp;&nbsp;&nbsp;&nbsp;&nbsp;&nbsp;&nbsp; Si\u00e8ge social : \u2022&nbsp;&nbsp;&nbsp;&nbsp;&nbsp;&nbsp;&nbsp;&nbsp;&nbsp; 6 route [&hellip;]<\/p>\n","protected":false},"author":1,"featured_media":0,"parent":0,"menu_order":0,"comment_status":"closed","ping_status":"closed","template":"","meta":{"footnotes":""},"yoast_head":"<!-- This site is optimized with the Yoast SEO plugin v21.2 - https:\/\/yoast.com\/wordpress\/plugins\/seo\/ -->\n<title>Mentions Legales - Amandes et Compagnie<\/title>\n<meta name=\"description\" content=\"Ci joint mentions l\u00e9gales. Amandes et Compagnie est une marque de la soci\u00e9t\u00e9 Jean Outters Gourmets,\" \/>\n<meta name=\"robots\" content=\"index, follow, max-snippet:-1, max-image-preview:large, max-video-preview:-1\" \/>\n<link rel=\"canonical\" href=\"https:\/\/amandes-et-cie.com\/index.php\/mentions-legales\/\" \/>\n<meta property=\"og:locale\" content=\"fr_FR\" \/>\n<meta property=\"og:type\" content=\"article\" \/>\n<meta property=\"og:title\" content=\"Mentions Legales - Amandes et Compagnie\" \/>\n<meta property=\"og:description\" content=\"Ci joint mentions l\u00e9gales. Amandes et Compagnie est une marque de la soci\u00e9t\u00e9 Jean Outters Gourmets,\" \/>\n<meta property=\"og:url\" content=\"https:\/\/amandes-et-cie.com\/index.php\/mentions-legales\/\" \/>\n<meta property=\"og:site_name\" content=\"Amandes et Compagnie\" \/>\n<meta property=\"article:modified_time\" content=\"2021-05-26T13:04:00+00:00\" \/>\n<meta name=\"twitter:card\" content=\"summary_large_image\" \/>\n<meta name=\"twitter:label1\" content=\"Dur\u00e9e de lecture estim\u00e9e\" \/>\n\t<meta name=\"twitter:data1\" content=\"1 minute\" \/>\n<script type=\"application\/ld+json\" class=\"yoast-schema-graph\">{\"@context\":\"https:\/\/schema.org\",\"@graph\":[{\"@type\":\"WebPage\",\"@id\":\"https:\/\/amandes-et-cie.com\/index.php\/mentions-legales\/\",\"url\":\"https:\/\/amandes-et-cie.com\/index.php\/mentions-legales\/\",\"name\":\"Mentions Legales - Amandes et Compagnie\",\"isPartOf\":{\"@id\":\"https:\/\/amandes-et-cie.com\/#website\"},\"datePublished\":\"2021-05-26T13:03:58+00:00\",\"dateModified\":\"2021-05-26T13:04:00+00:00\",\"description\":\"Ci joint mentions l\u00e9gales. Amandes et Compagnie est une marque de la soci\u00e9t\u00e9 Jean Outters Gourmets,\",\"breadcrumb\":{\"@id\":\"https:\/\/amandes-et-cie.com\/index.php\/mentions-legales\/#breadcrumb\"},\"inLanguage\":\"fr-FR\",\"potentialAction\":[{\"@type\":\"ReadAction\",\"target\":[\"https:\/\/amandes-et-cie.com\/index.php\/mentions-legales\/\"]}]},{\"@type\":\"BreadcrumbList\",\"@id\":\"https:\/\/amandes-et-cie.com\/index.php\/mentions-legales\/#breadcrumb\",\"itemListElement\":[{\"@type\":\"ListItem\",\"position\":1,\"name\":\"Accueil\",\"item\":\"https:\/\/amandes-et-cie.com\/\"},{\"@type\":\"ListItem\",\"position\":2,\"name\":\"Mentions Legales\"}]},{\"@type\":\"WebSite\",\"@id\":\"https:\/\/amandes-et-cie.com\/#website\",\"url\":\"https:\/\/amandes-et-cie.com\/\",\"name\":\"Amandes et Compagnie\",\"description\":\"Bienvenue au nouveau labo \u00e0 S\u00e8vres\",\"potentialAction\":[{\"@type\":\"SearchAction\",\"target\":{\"@type\":\"EntryPoint\",\"urlTemplate\":\"https:\/\/amandes-et-cie.com\/?s={search_term_string}\"},\"query-input\":\"required name=search_term_string\"}],\"inLanguage\":\"fr-FR\"}]}<\/script>\n<!-- \/ Yoast SEO plugin. -->","yoast_head_json":{"title":"Mentions Legales - Amandes et Compagnie","description":"Ci joint mentions l\u00e9gales. Amandes et Compagnie est une marque de la soci\u00e9t\u00e9 Jean Outters Gourmets,","robots":{"index":"index","follow":"follow","max-snippet":"max-snippet:-1","max-image-preview":"max-image-preview:large","max-video-preview":"max-video-preview:-1"},"canonical":"https:\/\/amandes-et-cie.com\/index.php\/mentions-legales\/","og_locale":"fr_FR","og_type":"article","og_title":"Mentions Legales - Amandes et Compagnie","og_description":"Ci joint mentions l\u00e9gales. Amandes et Compagnie est une marque de la soci\u00e9t\u00e9 Jean Outters Gourmets,","og_url":"https:\/\/amandes-et-cie.com\/index.php\/mentions-legales\/","og_site_name":"Amandes et Compagnie","article_modified_time":"2021-05-26T13:04:00+00:00","twitter_card":"summary_large_image","twitter_misc":{"Dur\u00e9e de lecture estim\u00e9e":"1 minute"},"schema":{"@context":"https:\/\/schema.org","@graph":[{"@type":"WebPage","@id":"https:\/\/amandes-et-cie.com\/index.php\/mentions-legales\/","url":"https:\/\/amandes-et-cie.com\/index.php\/mentions-legales\/","name":"Mentions Legales - Amandes et Compagnie","isPartOf":{"@id":"https:\/\/amandes-et-cie.com\/#website"},"datePublished":"2021-05-26T13:03:58+00:00","dateModified":"2021-05-26T13:04:00+00:00","description":"Ci joint mentions l\u00e9gales. Amandes et Compagnie est une marque de la soci\u00e9t\u00e9 Jean Outters Gourmets,","breadcrumb":{"@id":"https:\/\/amandes-et-cie.com\/index.php\/mentions-legales\/#breadcrumb"},"inLanguage":"fr-FR","potentialAction":[{"@type":"ReadAction","target":["https:\/\/amandes-et-cie.com\/index.php\/mentions-legales\/"]}]},{"@type":"BreadcrumbList","@id":"https:\/\/amandes-et-cie.com\/index.php\/mentions-legales\/#breadcrumb","itemListElement":[{"@type":"ListItem","position":1,"name":"Accueil","item":"https:\/\/amandes-et-cie.com\/"},{"@type":"ListItem","position":2,"name":"Mentions Legales"}]},{"@type":"WebSite","@id":"https:\/\/amandes-et-cie.com\/#website","url":"https:\/\/amandes-et-cie.com\/","name":"Amandes et Compagnie","description":"Bienvenue au nouveau labo \u00e0 S\u00e8vres","potentialAction":[{"@type":"SearchAction","target":{"@type":"EntryPoint","urlTemplate":"https:\/\/amandes-et-cie.com\/?s={search_term_string}"},"query-input":"required name=search_term_string"}],"inLanguage":"fr-FR"}]}},"_links":{"self":[{"href":"https:\/\/amandes-et-cie.com\/index.php\/wp-json\/wp\/v2\/pages\/260"}],"collection":[{"href":"https:\/\/amandes-et-cie.com\/index.php\/wp-json\/wp\/v2\/pages"}],"about":[{"href":"https:\/\/amandes-et-cie.com\/index.php\/wp-json\/wp\/v2\/types\/page"}],"author":[{"embeddable":true,"href":"https:\/\/amandes-et-cie.com\/index.php\/wp-json\/wp\/v2\/users\/1"}],"replies":[{"embeddable":true,"href":"https:\/\/amandes-et-cie.com\/index.php\/wp-json\/wp\/v2\/comments?post=260"}],"version-history":[{"count":1,"href":"https:\/\/amandes-et-cie.com\/index.php\/wp-json\/wp\/v2\/pages\/260\/revisions"}],"predecessor-version":[{"id":261,"href":"https:\/\/amandes-et-cie.com\/index.php\/wp-json\/wp\/v2\/pages\/260\/revisions\/261"}],"wp:attachment":[{"href":"https:\/\/amandes-et-cie.com\/index.php\/wp-json\/wp\/v2\/media?parent=260"}],"curies":[{"name":"wp","href":"https:\/\/api.w.org\/{rel}","templated":true}]}}