{"id":869,"date":"2023-10-03T22:24:51","date_gmt":"2023-10-03T20:24:51","guid":{"rendered":"https:\/\/amandes-et-cie.com\/?page_id=869"},"modified":"2023-10-03T22:38:26","modified_gmt":"2023-10-03T20:38:26","slug":"nous-contacter-ou-demander-un-devis","status":"publish","type":"page","link":"https:\/\/amandes-et-cie.com\/index.php\/nous-contacter-ou-demander-un-devis\/","title":{"rendered":"Nous contacter ou demander un devis"},"content":{"rendered":"\t\t<div data-elementor-type=\"wp-page\" data-elementor-id=\"869\" class=\"elementor elementor-869\">\n\t\t\t\t\t\t<section class=\"elementor-section elementor-top-section elementor-element elementor-element-6de749b elementor-section-boxed elementor-section-height-default elementor-section-height-default\" data-id=\"6de749b\" data-element_type=\"section\">\n\t\t\t\t\t\t<div class=\"elementor-container elementor-column-gap-wide\">\n\t\t\t\t\t<div class=\"elementor-column elementor-col-100 elementor-top-column elementor-element elementor-element-30da2061\" data-id=\"30da2061\" data-element_type=\"column\">\n\t\t\t<div class=\"elementor-widget-wrap elementor-element-populated\">\n\t\t\t\t\t\t<div class=\"elementor-element elementor-element-392b88b7 elementor-widget__width-initial elementor-widget elementor-widget-text-editor\" data-id=\"392b88b7\" data-element_type=\"widget\" data-widget_type=\"text-editor.default\">\n\t\t\t\t<div class=\"elementor-widget-container\">\n\t\t\t\t\t\t\t<!-- wp:shortcode -->\n\n<div class=\"wpcf7 no-js\" id=\"wpcf7-f52-o1\" lang=\"fr-FR\" dir=\"ltr\" data-wpcf7-id=\"52\">\n<div class=\"screen-reader-response\"><p role=\"status\" aria-live=\"polite\" aria-atomic=\"true\"><\/p> <ul><\/ul><\/div>\n<form action=\"\/index.php\/wp-json\/wp\/v2\/pages\/869#wpcf7-f52-o1\" method=\"post\" class=\"wpcf7-form init\" aria-label=\"Formulaire de contact\" novalidate=\"novalidate\" data-status=\"init\">\n<fieldset class=\"hidden-fields-container\"><input type=\"hidden\" name=\"_wpcf7\" value=\"52\" \/><input type=\"hidden\" name=\"_wpcf7_version\" value=\"6.1.5\" \/><input type=\"hidden\" name=\"_wpcf7_locale\" value=\"fr_FR\" \/><input type=\"hidden\" name=\"_wpcf7_unit_tag\" value=\"wpcf7-f52-o1\" \/><input type=\"hidden\" name=\"_wpcf7_container_post\" value=\"0\" \/><input type=\"hidden\" name=\"_wpcf7_posted_data_hash\" value=\"\" \/>\n<\/fieldset>\n<p><label> Nom et Pr\u00e9nom<br \/>\n<span class=\"wpcf7-form-control-wrap\" data-name=\"your-name\"><input size=\"40\" maxlength=\"400\" class=\"wpcf7-form-control wpcf7-text wpcf7-validates-as-required\" aria-required=\"true\" aria-invalid=\"false\" value=\"\" type=\"text\" name=\"your-name\" \/><\/span> <\/label>\n<\/p>\n<p><label> Soci\u00e9t\u00e9 (optionnel)<br \/>\n<span class=\"wpcf7-form-control-wrap\" data-name=\"Societe\"><input size=\"40\" maxlength=\"400\" class=\"wpcf7-form-control wpcf7-text\" aria-invalid=\"false\" value=\"\" type=\"text\" name=\"Societe\" \/><\/span> <\/label>\n<\/p>\n<p><label> Email<br \/>\n<span class=\"wpcf7-form-control-wrap\" data-name=\"your-email\"><input size=\"40\" maxlength=\"400\" class=\"wpcf7-form-control wpcf7-email wpcf7-validates-as-required wpcf7-text wpcf7-validates-as-email\" aria-required=\"true\" aria-invalid=\"false\" value=\"\" type=\"email\" name=\"your-email\" \/><\/span> <\/label>\n<\/p>\n<p><label> Siren \/ Siret (optionnel)<br \/>\n<span class=\"wpcf7-form-control-wrap\" data-name=\"SirenSiret\"><input size=\"40\" maxlength=\"400\" class=\"wpcf7-form-control wpcf7-text\" aria-invalid=\"false\" value=\"\" type=\"text\" name=\"SirenSiret\" \/><\/span> <\/label>\n<\/p>\n<p><label> Nature et date de votre \u00e9v\u00e8nement (optionnel)<br \/>\n<span class=\"wpcf7-form-control-wrap\" data-name=\"your-subject\"><input size=\"40\" maxlength=\"400\" class=\"wpcf7-form-control wpcf7-text\" aria-invalid=\"false\" value=\"\" type=\"text\" name=\"your-subject\" \/><\/span> <\/label>\n<\/p>\n<p><label> Votre message<br \/>\n<span class=\"wpcf7-form-control-wrap\" data-name=\"your-message\"><textarea cols=\"40\" rows=\"10\" maxlength=\"2000\" class=\"wpcf7-form-control wpcf7-textarea wpcf7-validates-as-required\" aria-required=\"true\" aria-invalid=\"false\" name=\"your-message\"><\/textarea><\/span> <\/label>\n<\/p>\n<div id=\"cf7sr-69f2d1bb6a319\" class=\"cf7sr-g-recaptcha\" data-theme=\"light\" data-type=\"image\" data-size=\"normal\" data-sitekey=\"6Lf3WpcoAAAAAO-osUZGowkRgwxcm6D7u7cH7m65\"><\/div><span class=\"wpcf7-form-control-wrap cf7sr-recaptcha\" data-name=\"cf7sr-recaptcha\"><input type=\"hidden\" name=\"cf7sr-recaptcha\" value=\"\" class=\"wpcf7-form-control\"><\/span>\n<\/p>\n<p><button class=\"wpcf7-form-control wpcf7-submit mkdf-btn mkdf-btn-medium mkdf-btn-solid\" type=\"submit\"><span class=\"mkdf-btn-text\">Envoyer<\/span><\/button>\n<\/p><p style=\"display: none !important;\" class=\"akismet-fields-container\" data-prefix=\"_wpcf7_ak_\"><label>&#916;<textarea name=\"_wpcf7_ak_hp_textarea\" cols=\"45\" rows=\"8\" maxlength=\"100\"><\/textarea><\/label><input type=\"hidden\" id=\"ak_js_1\" name=\"_wpcf7_ak_js\" value=\"180\"\/><script>document.getElementById( \"ak_js_1\" ).setAttribute( \"value\", ( new Date() ).getTime() );<\/script><\/p><div class=\"wpcf7-response-output\" aria-hidden=\"true\"><\/div>\n<\/form>\n<\/div>\n\n<!-- \/wp:shortcode -->\n\n<!-- wp:paragraph -->\n<p><\/p>\n<!-- \/wp:paragraph -->\n\n<!-- wp:image {\"id\":308,\"width\":297,\"height\":223,\"sizeSlug\":\"large\",\"linkDestination\":\"none\"} -->\n<figure class=\"wp-block-image size-large is-resized\"><img fetchpriority=\"high\" decoding=\"async\" src=\"https:\/\/amandes-et-cie.com\/wp-content\/uploads\/2021\/06\/Cafe_decor_nb-1024x768.jpg\" alt=\"\" class=\"wp-image-308\" style=\"width:297px;height:223px\" width=\"297\" height=\"223\" srcset=\"https:\/\/amandes-et-cie.com\/wp-content\/uploads\/2021\/06\/Cafe_decor_nb-1024x768.jpg 1024w, https:\/\/amandes-et-cie.com\/wp-content\/uploads\/2021\/06\/Cafe_decor_nb-300x225.jpg 300w, https:\/\/amandes-et-cie.com\/wp-content\/uploads\/2021\/06\/Cafe_decor_nb-768x576.jpg 768w\" sizes=\"(max-width: 297px) 100vw, 297px\" \/><\/figure>\n<!-- \/wp:image -->\t\t\t\t\t\t<\/div>\n\t\t\t\t<\/div>\n\t\t\t\t\t<\/div>\n\t\t<\/div>\n\t\t\t\t\t<\/div>\n\t\t<\/section>\n\t\t\t\t<section class=\"elementor-section elementor-top-section elementor-element elementor-element-fc5f3e2 elementor-section-boxed elementor-section-height-default elementor-section-height-default\" data-id=\"fc5f3e2\" data-element_type=\"section\">\n\t\t\t\t\t\t<div class=\"elementor-container elementor-column-gap-default\">\n\t\t\t\t\t<div class=\"elementor-column elementor-col-100 elementor-top-column elementor-element elementor-element-c4a7c7d\" data-id=\"c4a7c7d\" data-element_type=\"column\">\n\t\t\t<div class=\"elementor-widget-wrap elementor-element-populated\">\n\t\t\t\t\t\t<section class=\"elementor-section elementor-inner-section elementor-element elementor-element-e3b4299 elementor-section-boxed elementor-section-height-default elementor-section-height-default\" data-id=\"e3b4299\" data-element_type=\"section\">\n\t\t\t\t\t\t<div class=\"elementor-container elementor-column-gap-default\">\n\t\t\t\t\t<div class=\"elementor-column elementor-col-50 elementor-inner-column elementor-element elementor-element-59e69d7\" data-id=\"59e69d7\" data-element_type=\"column\">\n\t\t\t<div class=\"elementor-widget-wrap\">\n\t\t\t\t\t\t\t<\/div>\n\t\t<\/div>\n\t\t\t\t<div class=\"elementor-column elementor-col-50 elementor-inner-column elementor-element elementor-element-ad0768d\" data-id=\"ad0768d\" data-element_type=\"column\">\n\t\t\t<div class=\"elementor-widget-wrap\">\n\t\t\t\t\t\t\t<\/div>\n\t\t<\/div>\n\t\t\t\t\t<\/div>\n\t\t<\/section>\n\t\t\t\t\t<\/div>\n\t\t<\/div>\n\t\t\t\t\t<\/div>\n\t\t<\/section>\n\t\t\t\t<\/div>\n\t\t","protected":false},"excerpt":{"rendered":"Nom et Pr\u00e9nom Soci\u00e9t\u00e9 (optionnel) Email Siren \/ Siret (optionnel) Nature et date de votre \u00e9v\u00e8nement (optionnel) Votre message Envoyer &#916;","protected":false},"author":1,"featured_media":0,"parent":0,"menu_order":0,"comment_status":"closed","ping_status":"closed","template":"","meta":{"footnotes":""},"class_list":["post-869","page","type-page","status-publish","hentry"],"yoast_head":"<!-- This site is optimized with the Yoast SEO plugin v21.2 - https:\/\/yoast.com\/wordpress\/plugins\/seo\/ -->\n<title>Nous contacter ou demander un devis - Amandes et Compagnie<\/title>\n<meta name=\"description\" content=\"Ci joint mentions l\u00e9gales. Amandes et Compagnie est une marque de la soci\u00e9t\u00e9 Jean Outters Gourmets,\" \/>\n<meta name=\"robots\" content=\"index, follow, max-snippet:-1, max-image-preview:large, max-video-preview:-1\" \/>\n<link rel=\"canonical\" href=\"https:\/\/amandes-et-cie.com\/index.php\/nous-contacter-ou-demander-un-devis\/\" \/>\n<meta property=\"og:locale\" content=\"fr_FR\" \/>\n<meta property=\"og:type\" content=\"article\" \/>\n<meta property=\"og:title\" content=\"Nous contacter ou demander un devis - Amandes et Compagnie\" \/>\n<meta property=\"og:description\" content=\"Ci joint mentions l\u00e9gales. Amandes et Compagnie est une marque de la soci\u00e9t\u00e9 Jean Outters Gourmets,\" \/>\n<meta property=\"og:url\" content=\"https:\/\/amandes-et-cie.com\/index.php\/nous-contacter-ou-demander-un-devis\/\" \/>\n<meta property=\"og:site_name\" content=\"Amandes et Compagnie\" \/>\n<meta property=\"article:modified_time\" content=\"2023-10-03T20:38:26+00:00\" \/>\n<meta property=\"og:image\" content=\"https:\/\/amandes-et-cie.com\/wp-content\/uploads\/2021\/06\/Cafe_decor_nb-1024x768.jpg\" \/>\n<meta name=\"twitter:card\" content=\"summary_large_image\" \/>\n<meta name=\"twitter:label1\" content=\"Dur\u00e9e de lecture estim\u00e9e\" \/>\n\t<meta name=\"twitter:data1\" content=\"1 minute\" \/>\n<script type=\"application\/ld+json\" class=\"yoast-schema-graph\">{\"@context\":\"https:\/\/schema.org\",\"@graph\":[{\"@type\":\"WebPage\",\"@id\":\"https:\/\/amandes-et-cie.com\/index.php\/nous-contacter-ou-demander-un-devis\/\",\"url\":\"https:\/\/amandes-et-cie.com\/index.php\/nous-contacter-ou-demander-un-devis\/\",\"name\":\"Nous contacter ou demander un devis - Amandes et Compagnie\",\"isPartOf\":{\"@id\":\"https:\/\/amandes-et-cie.com\/#website\"},\"datePublished\":\"2023-10-03T20:24:51+00:00\",\"dateModified\":\"2023-10-03T20:38:26+00:00\",\"description\":\"Ci joint mentions l\u00e9gales. Amandes et Compagnie est une marque de la soci\u00e9t\u00e9 Jean Outters Gourmets,\",\"breadcrumb\":{\"@id\":\"https:\/\/amandes-et-cie.com\/index.php\/nous-contacter-ou-demander-un-devis\/#breadcrumb\"},\"inLanguage\":\"fr-FR\",\"potentialAction\":[{\"@type\":\"ReadAction\",\"target\":[\"https:\/\/amandes-et-cie.com\/index.php\/nous-contacter-ou-demander-un-devis\/\"]}]},{\"@type\":\"BreadcrumbList\",\"@id\":\"https:\/\/amandes-et-cie.com\/index.php\/nous-contacter-ou-demander-un-devis\/#breadcrumb\",\"itemListElement\":[{\"@type\":\"ListItem\",\"position\":1,\"name\":\"Accueil\",\"item\":\"https:\/\/amandes-et-cie.com\/\"},{\"@type\":\"ListItem\",\"position\":2,\"name\":\"Nous contacter ou demander un devis\"}]},{\"@type\":\"WebSite\",\"@id\":\"https:\/\/amandes-et-cie.com\/#website\",\"url\":\"https:\/\/amandes-et-cie.com\/\",\"name\":\"Amandes et Compagnie\",\"description\":\"Bienvenue au nouveau labo \u00e0 S\u00e8vres\",\"potentialAction\":[{\"@type\":\"SearchAction\",\"target\":{\"@type\":\"EntryPoint\",\"urlTemplate\":\"https:\/\/amandes-et-cie.com\/?s={search_term_string}\"},\"query-input\":\"required name=search_term_string\"}],\"inLanguage\":\"fr-FR\"}]}<\/script>\n<!-- \/ Yoast SEO plugin. -->","yoast_head_json":{"title":"Nous contacter ou demander un devis - Amandes et Compagnie","description":"Ci joint mentions l\u00e9gales. Amandes et Compagnie est une marque de la soci\u00e9t\u00e9 Jean Outters Gourmets,","robots":{"index":"index","follow":"follow","max-snippet":"max-snippet:-1","max-image-preview":"max-image-preview:large","max-video-preview":"max-video-preview:-1"},"canonical":"https:\/\/amandes-et-cie.com\/index.php\/nous-contacter-ou-demander-un-devis\/","og_locale":"fr_FR","og_type":"article","og_title":"Nous contacter ou demander un devis - Amandes et Compagnie","og_description":"Ci joint mentions l\u00e9gales. Amandes et Compagnie est une marque de la soci\u00e9t\u00e9 Jean Outters Gourmets,","og_url":"https:\/\/amandes-et-cie.com\/index.php\/nous-contacter-ou-demander-un-devis\/","og_site_name":"Amandes et Compagnie","article_modified_time":"2023-10-03T20:38:26+00:00","og_image":[{"url":"https:\/\/amandes-et-cie.com\/wp-content\/uploads\/2021\/06\/Cafe_decor_nb-1024x768.jpg"}],"twitter_card":"summary_large_image","twitter_misc":{"Dur\u00e9e de lecture estim\u00e9e":"1 minute"},"schema":{"@context":"https:\/\/schema.org","@graph":[{"@type":"WebPage","@id":"https:\/\/amandes-et-cie.com\/index.php\/nous-contacter-ou-demander-un-devis\/","url":"https:\/\/amandes-et-cie.com\/index.php\/nous-contacter-ou-demander-un-devis\/","name":"Nous contacter ou demander un devis - Amandes et Compagnie","isPartOf":{"@id":"https:\/\/amandes-et-cie.com\/#website"},"datePublished":"2023-10-03T20:24:51+00:00","dateModified":"2023-10-03T20:38:26+00:00","description":"Ci joint mentions l\u00e9gales. Amandes et Compagnie est une marque de la soci\u00e9t\u00e9 Jean Outters Gourmets,","breadcrumb":{"@id":"https:\/\/amandes-et-cie.com\/index.php\/nous-contacter-ou-demander-un-devis\/#breadcrumb"},"inLanguage":"fr-FR","potentialAction":[{"@type":"ReadAction","target":["https:\/\/amandes-et-cie.com\/index.php\/nous-contacter-ou-demander-un-devis\/"]}]},{"@type":"BreadcrumbList","@id":"https:\/\/amandes-et-cie.com\/index.php\/nous-contacter-ou-demander-un-devis\/#breadcrumb","itemListElement":[{"@type":"ListItem","position":1,"name":"Accueil","item":"https:\/\/amandes-et-cie.com\/"},{"@type":"ListItem","position":2,"name":"Nous contacter ou demander un devis"}]},{"@type":"WebSite","@id":"https:\/\/amandes-et-cie.com\/#website","url":"https:\/\/amandes-et-cie.com\/","name":"Amandes et Compagnie","description":"Bienvenue au nouveau labo \u00e0 S\u00e8vres","potentialAction":[{"@type":"SearchAction","target":{"@type":"EntryPoint","urlTemplate":"https:\/\/amandes-et-cie.com\/?s={search_term_string}"},"query-input":"required name=search_term_string"}],"inLanguage":"fr-FR"}]}},"_links":{"self":[{"href":"https:\/\/amandes-et-cie.com\/index.php\/wp-json\/wp\/v2\/pages\/869","targetHints":{"allow":["GET"]}}],"collection":[{"href":"https:\/\/amandes-et-cie.com\/index.php\/wp-json\/wp\/v2\/pages"}],"about":[{"href":"https:\/\/amandes-et-cie.com\/index.php\/wp-json\/wp\/v2\/types\/page"}],"author":[{"embeddable":true,"href":"https:\/\/amandes-et-cie.com\/index.php\/wp-json\/wp\/v2\/users\/1"}],"replies":[{"embeddable":true,"href":"https:\/\/amandes-et-cie.com\/index.php\/wp-json\/wp\/v2\/comments?post=869"}],"version-history":[{"count":5,"href":"https:\/\/amandes-et-cie.com\/index.php\/wp-json\/wp\/v2\/pages\/869\/revisions"}],"predecessor-version":[{"id":875,"href":"https:\/\/amandes-et-cie.com\/index.php\/wp-json\/wp\/v2\/pages\/869\/revisions\/875"}],"wp:attachment":[{"href":"https:\/\/amandes-et-cie.com\/index.php\/wp-json\/wp\/v2\/media?parent=869"}],"curies":[{"name":"wp","href":"https:\/\/api.w.org\/{rel}","templated":true}]}}