{"id":216,"date":"2021-05-25T22:09:27","date_gmt":"2021-05-25T20:09:27","guid":{"rendered":"https:\/\/amandes-et-cie.com\/?post_type=product&#038;p=216"},"modified":"2023-11-27T11:04:41","modified_gmt":"2023-11-27T10:04:41","slug":"calisson-amandes-fruit-confit-petit-format","status":"publish","type":"product","link":"https:\/\/amandes-et-cie.com\/index.php\/product\/calisson-amandes-fruit-confit-petit-format\/","title":{"rendered":"Calisson amandes et fruits confits petit format par 12"},"content":{"rendered":"<p>INGREDIENTS : <strong>Pistache en poudre<\/strong>,<strong> beurre,<\/strong> sucre, farine (<strong>gluten<\/strong>), <strong>jaune d&rsquo;oeuf, \u00e9corces d&rsquo;orange et de citron confites &#8211; <\/strong><em>allerg\u00e8nes en <\/em><strong><em>gras<\/em><\/strong><em>) <strong>calisson<\/strong><\/em><strong><br \/>\n<\/strong><\/p>\n<p>Poids net environ 20 g par pi\u00e8ce<\/p>\n<p>Calories environ 100 kcal par pi\u00e8ce<\/p>\n<p>Conservation recommand\u00e9e dans une bo\u00eete m\u00e9tallique<\/p>\n","protected":false},"excerpt":{"rendered":"<p>Le calisson d&rsquo;Amandes et Compagnie se rapproche de son cousin proven\u00e7al par sa richesse en amandes et en fruits confits broy\u00e9s. On y retrouve aussi le beurre noisette. Cette gourmandise supporte une longue conservation qui d\u00e9veloppe ses ar\u00f4mes.<\/p>\n<p>Le petit format (20 g environ) permet de craquer sans culpabiliser.<\/p>\n<p>&nbsp;<\/p>\n<p>Prix par 12 hors exp\u00e9dition<\/p>\n","protected":false},"featured_media":359,"comment_status":"closed","ping_status":"closed","template":"","meta":[],"product_cat":[42,24],"product_tag":[],"yoast_head":"<!-- This site is optimized with the Yoast SEO plugin v21.2 - https:\/\/yoast.com\/wordpress\/plugins\/seo\/ -->\n<title>Calisson amandes et fruits confits petit format par 12<\/title>\n<meta name=\"description\" content=\"Le mariage du financier et du c\u00e9l\u00e8bre calisson proven\u00e7al \u00e0 base d&#039;amandes et fruits confits. Une cr\u00e9ation exclusive d&#039;Amandes et Compagnie\" \/>\n<meta name=\"robots\" content=\"index, follow, max-snippet:-1, max-image-preview:large, max-video-preview:-1\" \/>\n<link rel=\"canonical\" href=\"https:\/\/amandes-et-cie.com\/index.php\/product\/calisson-amandes-fruit-confit-petit-format\/\" \/>\n<meta property=\"og:locale\" content=\"fr_FR\" \/>\n<meta property=\"og:type\" content=\"article\" \/>\n<meta property=\"og:title\" content=\"Calisson amandes et fruits confits petit format par 12\" \/>\n<meta property=\"og:description\" content=\"Le mariage du financier et du c\u00e9l\u00e8bre calisson proven\u00e7al \u00e0 base d&#039;amandes et fruits confits. Une cr\u00e9ation exclusive d&#039;Amandes et Compagnie\" \/>\n<meta property=\"og:url\" content=\"https:\/\/amandes-et-cie.com\/index.php\/product\/calisson-amandes-fruit-confit-petit-format\/\" \/>\n<meta property=\"og:site_name\" content=\"Amandes et Compagnie\" \/>\n<meta property=\"article:modified_time\" content=\"2023-11-27T10:04:41+00:00\" \/>\n<meta property=\"og:image\" content=\"https:\/\/amandes-et-cie.com\/wp-content\/uploads\/2021\/05\/Calisson_mini.jpg\" \/>\n\t<meta property=\"og:image:width\" content=\"1\" \/>\n\t<meta property=\"og:image:height\" content=\"1\" \/>\n\t<meta property=\"og:image:type\" content=\"image\/jpeg\" \/>\n<meta name=\"twitter:card\" content=\"summary_large_image\" \/>\n<meta name=\"twitter:label1\" content=\"Dur\u00e9e de lecture estim\u00e9e\" \/>\n\t<meta name=\"twitter:data1\" content=\"1 minute\" \/>\n<script type=\"application\/ld+json\" class=\"yoast-schema-graph\">{\"@context\":\"https:\/\/schema.org\",\"@graph\":[{\"@type\":\"WebPage\",\"@id\":\"https:\/\/amandes-et-cie.com\/index.php\/product\/calisson-amandes-fruit-confit-petit-format\/\",\"url\":\"https:\/\/amandes-et-cie.com\/index.php\/product\/calisson-amandes-fruit-confit-petit-format\/\",\"name\":\"Calisson amandes et fruits confits petit format par 12\",\"isPartOf\":{\"@id\":\"https:\/\/amandes-et-cie.com\/#website\"},\"datePublished\":\"2021-05-25T20:09:27+00:00\",\"dateModified\":\"2023-11-27T10:04:41+00:00\",\"description\":\"Le mariage du financier et du c\u00e9l\u00e8bre calisson proven\u00e7al \u00e0 base d'amandes et fruits confits. Une cr\u00e9ation exclusive d'Amandes et Compagnie\",\"breadcrumb\":{\"@id\":\"https:\/\/amandes-et-cie.com\/index.php\/product\/calisson-amandes-fruit-confit-petit-format\/#breadcrumb\"},\"inLanguage\":\"fr-FR\",\"potentialAction\":[{\"@type\":\"ReadAction\",\"target\":[\"https:\/\/amandes-et-cie.com\/index.php\/product\/calisson-amandes-fruit-confit-petit-format\/\"]}]},{\"@type\":\"BreadcrumbList\",\"@id\":\"https:\/\/amandes-et-cie.com\/index.php\/product\/calisson-amandes-fruit-confit-petit-format\/#breadcrumb\",\"itemListElement\":[{\"@type\":\"ListItem\",\"position\":1,\"name\":\"Accueil\",\"item\":\"https:\/\/amandes-et-cie.com\/\"},{\"@type\":\"ListItem\",\"position\":2,\"name\":\"e-Boutique\",\"item\":\"https:\/\/amandes-et-cie.com\/index.php\/shop\/\"},{\"@type\":\"ListItem\",\"position\":3,\"name\":\"Calisson amandes et fruits confits petit format par 12\"}]},{\"@type\":\"WebSite\",\"@id\":\"https:\/\/amandes-et-cie.com\/#website\",\"url\":\"https:\/\/amandes-et-cie.com\/\",\"name\":\"Amandes et Compagnie\",\"description\":\"Bienvenue au nouveau labo \u00e0 S\u00e8vres\",\"potentialAction\":[{\"@type\":\"SearchAction\",\"target\":{\"@type\":\"EntryPoint\",\"urlTemplate\":\"https:\/\/amandes-et-cie.com\/?s={search_term_string}\"},\"query-input\":\"required name=search_term_string\"}],\"inLanguage\":\"fr-FR\"}]}<\/script>\n<!-- \/ Yoast SEO plugin. -->","yoast_head_json":{"title":"Calisson amandes et fruits confits petit format par 12","description":"Le mariage du financier et du c\u00e9l\u00e8bre calisson proven\u00e7al \u00e0 base d'amandes et fruits confits. Une cr\u00e9ation exclusive d'Amandes et Compagnie","robots":{"index":"index","follow":"follow","max-snippet":"max-snippet:-1","max-image-preview":"max-image-preview:large","max-video-preview":"max-video-preview:-1"},"canonical":"https:\/\/amandes-et-cie.com\/index.php\/product\/calisson-amandes-fruit-confit-petit-format\/","og_locale":"fr_FR","og_type":"article","og_title":"Calisson amandes et fruits confits petit format par 12","og_description":"Le mariage du financier et du c\u00e9l\u00e8bre calisson proven\u00e7al \u00e0 base d'amandes et fruits confits. Une cr\u00e9ation exclusive d'Amandes et Compagnie","og_url":"https:\/\/amandes-et-cie.com\/index.php\/product\/calisson-amandes-fruit-confit-petit-format\/","og_site_name":"Amandes et Compagnie","article_modified_time":"2023-11-27T10:04:41+00:00","og_image":[{"url":"https:\/\/amandes-et-cie.com\/wp-content\/uploads\/2021\/05\/Calisson_mini.jpg","width":1,"height":1,"type":"image\/jpeg"}],"twitter_card":"summary_large_image","twitter_misc":{"Dur\u00e9e de lecture estim\u00e9e":"1 minute"},"schema":{"@context":"https:\/\/schema.org","@graph":[{"@type":"WebPage","@id":"https:\/\/amandes-et-cie.com\/index.php\/product\/calisson-amandes-fruit-confit-petit-format\/","url":"https:\/\/amandes-et-cie.com\/index.php\/product\/calisson-amandes-fruit-confit-petit-format\/","name":"Calisson amandes et fruits confits petit format par 12","isPartOf":{"@id":"https:\/\/amandes-et-cie.com\/#website"},"datePublished":"2021-05-25T20:09:27+00:00","dateModified":"2023-11-27T10:04:41+00:00","description":"Le mariage du financier et du c\u00e9l\u00e8bre calisson proven\u00e7al \u00e0 base d'amandes et fruits confits. Une cr\u00e9ation exclusive d'Amandes et Compagnie","breadcrumb":{"@id":"https:\/\/amandes-et-cie.com\/index.php\/product\/calisson-amandes-fruit-confit-petit-format\/#breadcrumb"},"inLanguage":"fr-FR","potentialAction":[{"@type":"ReadAction","target":["https:\/\/amandes-et-cie.com\/index.php\/product\/calisson-amandes-fruit-confit-petit-format\/"]}]},{"@type":"BreadcrumbList","@id":"https:\/\/amandes-et-cie.com\/index.php\/product\/calisson-amandes-fruit-confit-petit-format\/#breadcrumb","itemListElement":[{"@type":"ListItem","position":1,"name":"Accueil","item":"https:\/\/amandes-et-cie.com\/"},{"@type":"ListItem","position":2,"name":"e-Boutique","item":"https:\/\/amandes-et-cie.com\/index.php\/shop\/"},{"@type":"ListItem","position":3,"name":"Calisson amandes et fruits confits petit format par 12"}]},{"@type":"WebSite","@id":"https:\/\/amandes-et-cie.com\/#website","url":"https:\/\/amandes-et-cie.com\/","name":"Amandes et Compagnie","description":"Bienvenue au nouveau labo \u00e0 S\u00e8vres","potentialAction":[{"@type":"SearchAction","target":{"@type":"EntryPoint","urlTemplate":"https:\/\/amandes-et-cie.com\/?s={search_term_string}"},"query-input":"required name=search_term_string"}],"inLanguage":"fr-FR"}]}},"_links":{"self":[{"href":"https:\/\/amandes-et-cie.com\/index.php\/wp-json\/wp\/v2\/product\/216"}],"collection":[{"href":"https:\/\/amandes-et-cie.com\/index.php\/wp-json\/wp\/v2\/product"}],"about":[{"href":"https:\/\/amandes-et-cie.com\/index.php\/wp-json\/wp\/v2\/types\/product"}],"replies":[{"embeddable":true,"href":"https:\/\/amandes-et-cie.com\/index.php\/wp-json\/wp\/v2\/comments?post=216"}],"version-history":[{"count":5,"href":"https:\/\/amandes-et-cie.com\/index.php\/wp-json\/wp\/v2\/product\/216\/revisions"}],"predecessor-version":[{"id":508,"href":"https:\/\/amandes-et-cie.com\/index.php\/wp-json\/wp\/v2\/product\/216\/revisions\/508"}],"wp:featuredmedia":[{"embeddable":true,"href":"https:\/\/amandes-et-cie.com\/index.php\/wp-json\/wp\/v2\/media\/359"}],"wp:attachment":[{"href":"https:\/\/amandes-et-cie.com\/index.php\/wp-json\/wp\/v2\/media?parent=216"}],"wp:term":[{"taxonomy":"product_cat","embeddable":true,"href":"https:\/\/amandes-et-cie.com\/index.php\/wp-json\/wp\/v2\/product_cat?post=216"},{"taxonomy":"product_tag","embeddable":true,"href":"https:\/\/amandes-et-cie.com\/index.php\/wp-json\/wp\/v2\/product_tag?post=216"}],"curies":[{"name":"wp","href":"https:\/\/api.w.org\/{rel}","templated":true}]}}