{"id":452,"date":"2021-06-30T09:59:08","date_gmt":"2021-06-30T07:59:08","guid":{"rendered":"https:\/\/amandes-et-cie.com\/?post_type=product&#038;p=452"},"modified":"2023-11-27T10:57:31","modified_gmt":"2023-11-27T09:57:31","slug":"financier-noisette-petit-format","status":"publish","type":"product","link":"https:\/\/amandes-et-cie.com\/index.php\/product\/financier-noisette-petit-format\/","title":{"rendered":"Financier Noisette petit format par 20"},"content":{"rendered":"<p style=\"text-align: left;\">INGREDIENTS : <strong>Noisette en poudre, beurre,<\/strong> sucre, farine (<strong>gluten<\/strong>), <strong>blanc d&rsquo;oeuf,<\/strong> <strong>noisette concass\u00e9e<\/strong>\u00a0 &#8211;\u00a0 <em>(allerg\u00e8nes en <\/em><strong><em>gras<\/em><\/strong><em>) <span style=\"color: #ffffff;\">financier s\u00e9same<\/span><\/em><strong><br \/>\n<\/strong><\/p>\n<p style=\"text-align: left;\">Poids net environ 12 g par pi\u00e8ce<\/p>\n<p style=\"text-align: left;\">Calories environ 65 kcal par pi\u00e8ce<\/p>\n<p style=\"text-align: left;\">Conservation recommand\u00e9e dans une bo\u00eete m\u00e9tallique<\/p>\n","protected":false},"excerpt":{"rendered":"<p>Financier 100% noisette. La noisette en poudre remplace l&rsquo;amande traditionnelle, la d\u00e9coration de noisette concass\u00e9e ajoute du croquant.<\/p>\n<p>Le petit format (12 g environ) permet de go\u00fbter plusieurs vari\u00e9t\u00e9s \u00e0 la suite, sans exc\u00e8s, ou d&rsquo;apporter une note sucr\u00e9e avec son caf\u00e9 ou son th\u00e9.<\/p>\n<p>&nbsp;<\/p>\n<p>Prix par 18 hors exp\u00e9dition<\/p>\n<p>&nbsp;<\/p>\n","protected":false},"featured_media":433,"comment_status":"closed","ping_status":"closed","template":"","meta":[],"product_brand":[],"product_cat":[18,30],"product_tag":[],"class_list":{"0":"post-452","1":"product","2":"type-product","3":"status-publish","4":"has-post-thumbnail","6":"product_cat-financier","7":"product_cat-noisette","8":"product_shipping_class-moins-de-1kg-brut","10":"first","11":"instock","12":"taxable","13":"shipping-taxable","14":"purchasable","15":"product-type-simple"},"yoast_head":"<!-- This site is optimized with the Yoast SEO plugin v21.2 - https:\/\/yoast.com\/wordpress\/plugins\/seo\/ -->\n<title>Financier Noisette petit format par 20 par Amandes et Compagnie<\/title>\n<meta name=\"description\" content=\"Financier \u00e0 la noisette en petit format. La noisette remplace l&#039;amande de la recette traditionnelle, la d\u00e9coration de noisette concass\u00e9e ajoute du croquant\" \/>\n<meta name=\"robots\" content=\"index, follow, max-snippet:-1, max-image-preview:large, max-video-preview:-1\" \/>\n<link rel=\"canonical\" href=\"https:\/\/amandes-et-cie.com\/index.php\/product\/financier-noisette-petit-format\/\" \/>\n<meta property=\"og:locale\" content=\"fr_FR\" \/>\n<meta property=\"og:type\" content=\"article\" \/>\n<meta property=\"og:title\" content=\"Financier Noisette petit format par 20 par Amandes et Compagnie\" \/>\n<meta property=\"og:description\" content=\"Financier \u00e0 la noisette en petit format. La noisette remplace l&#039;amande de la recette traditionnelle, la d\u00e9coration de noisette concass\u00e9e ajoute du croquant\" \/>\n<meta property=\"og:url\" content=\"https:\/\/amandes-et-cie.com\/index.php\/product\/financier-noisette-petit-format\/\" \/>\n<meta property=\"og:site_name\" content=\"Amandes et Compagnie\" \/>\n<meta property=\"article:modified_time\" content=\"2023-11-27T09:57:31+00:00\" \/>\n<meta property=\"og:image\" content=\"https:\/\/amandes-et-cie.com\/wp-content\/uploads\/2021\/06\/Noisette_mini-scaled.jpg\" \/>\n\t<meta property=\"og:image:width\" content=\"2560\" \/>\n\t<meta property=\"og:image:height\" content=\"2470\" \/>\n\t<meta property=\"og:image:type\" content=\"image\/jpeg\" \/>\n<meta name=\"twitter:card\" content=\"summary_large_image\" \/>\n<meta name=\"twitter:label1\" content=\"Dur\u00e9e de lecture estim\u00e9e\" \/>\n\t<meta name=\"twitter:data1\" content=\"1 minute\" \/>\n<script type=\"application\/ld+json\" class=\"yoast-schema-graph\">{\"@context\":\"https:\/\/schema.org\",\"@graph\":[{\"@type\":\"WebPage\",\"@id\":\"https:\/\/amandes-et-cie.com\/index.php\/product\/financier-noisette-petit-format\/\",\"url\":\"https:\/\/amandes-et-cie.com\/index.php\/product\/financier-noisette-petit-format\/\",\"name\":\"Financier Noisette petit format par 20 par Amandes et Compagnie\",\"isPartOf\":{\"@id\":\"https:\/\/amandes-et-cie.com\/#website\"},\"datePublished\":\"2021-06-30T07:59:08+00:00\",\"dateModified\":\"2023-11-27T09:57:31+00:00\",\"description\":\"Financier \u00e0 la noisette en petit format. La noisette remplace l'amande de la recette traditionnelle, la d\u00e9coration de noisette concass\u00e9e ajoute du croquant\",\"breadcrumb\":{\"@id\":\"https:\/\/amandes-et-cie.com\/index.php\/product\/financier-noisette-petit-format\/#breadcrumb\"},\"inLanguage\":\"fr-FR\",\"potentialAction\":[{\"@type\":\"ReadAction\",\"target\":[\"https:\/\/amandes-et-cie.com\/index.php\/product\/financier-noisette-petit-format\/\"]}]},{\"@type\":\"BreadcrumbList\",\"@id\":\"https:\/\/amandes-et-cie.com\/index.php\/product\/financier-noisette-petit-format\/#breadcrumb\",\"itemListElement\":[{\"@type\":\"ListItem\",\"position\":1,\"name\":\"Accueil\",\"item\":\"https:\/\/amandes-et-cie.com\/\"},{\"@type\":\"ListItem\",\"position\":2,\"name\":\"e-Boutique\",\"item\":\"https:\/\/amandes-et-cie.com\/index.php\/shop\/\"},{\"@type\":\"ListItem\",\"position\":3,\"name\":\"Financier Noisette petit format par 20\"}]},{\"@type\":\"WebSite\",\"@id\":\"https:\/\/amandes-et-cie.com\/#website\",\"url\":\"https:\/\/amandes-et-cie.com\/\",\"name\":\"Amandes et Compagnie\",\"description\":\"Bienvenue au nouveau labo \u00e0 S\u00e8vres\",\"potentialAction\":[{\"@type\":\"SearchAction\",\"target\":{\"@type\":\"EntryPoint\",\"urlTemplate\":\"https:\/\/amandes-et-cie.com\/?s={search_term_string}\"},\"query-input\":\"required name=search_term_string\"}],\"inLanguage\":\"fr-FR\"}]}<\/script>\n<!-- \/ Yoast SEO plugin. -->","yoast_head_json":{"title":"Financier Noisette petit format par 20 par Amandes et Compagnie","description":"Financier \u00e0 la noisette en petit format. La noisette remplace l'amande de la recette traditionnelle, la d\u00e9coration de noisette concass\u00e9e ajoute du croquant","robots":{"index":"index","follow":"follow","max-snippet":"max-snippet:-1","max-image-preview":"max-image-preview:large","max-video-preview":"max-video-preview:-1"},"canonical":"https:\/\/amandes-et-cie.com\/index.php\/product\/financier-noisette-petit-format\/","og_locale":"fr_FR","og_type":"article","og_title":"Financier Noisette petit format par 20 par Amandes et Compagnie","og_description":"Financier \u00e0 la noisette en petit format. La noisette remplace l'amande de la recette traditionnelle, la d\u00e9coration de noisette concass\u00e9e ajoute du croquant","og_url":"https:\/\/amandes-et-cie.com\/index.php\/product\/financier-noisette-petit-format\/","og_site_name":"Amandes et Compagnie","article_modified_time":"2023-11-27T09:57:31+00:00","og_image":[{"width":2560,"height":2470,"url":"https:\/\/amandes-et-cie.com\/wp-content\/uploads\/2021\/06\/Noisette_mini-scaled.jpg","type":"image\/jpeg"}],"twitter_card":"summary_large_image","twitter_misc":{"Dur\u00e9e de lecture estim\u00e9e":"1 minute"},"schema":{"@context":"https:\/\/schema.org","@graph":[{"@type":"WebPage","@id":"https:\/\/amandes-et-cie.com\/index.php\/product\/financier-noisette-petit-format\/","url":"https:\/\/amandes-et-cie.com\/index.php\/product\/financier-noisette-petit-format\/","name":"Financier Noisette petit format par 20 par Amandes et Compagnie","isPartOf":{"@id":"https:\/\/amandes-et-cie.com\/#website"},"datePublished":"2021-06-30T07:59:08+00:00","dateModified":"2023-11-27T09:57:31+00:00","description":"Financier \u00e0 la noisette en petit format. La noisette remplace l'amande de la recette traditionnelle, la d\u00e9coration de noisette concass\u00e9e ajoute du croquant","breadcrumb":{"@id":"https:\/\/amandes-et-cie.com\/index.php\/product\/financier-noisette-petit-format\/#breadcrumb"},"inLanguage":"fr-FR","potentialAction":[{"@type":"ReadAction","target":["https:\/\/amandes-et-cie.com\/index.php\/product\/financier-noisette-petit-format\/"]}]},{"@type":"BreadcrumbList","@id":"https:\/\/amandes-et-cie.com\/index.php\/product\/financier-noisette-petit-format\/#breadcrumb","itemListElement":[{"@type":"ListItem","position":1,"name":"Accueil","item":"https:\/\/amandes-et-cie.com\/"},{"@type":"ListItem","position":2,"name":"e-Boutique","item":"https:\/\/amandes-et-cie.com\/index.php\/shop\/"},{"@type":"ListItem","position":3,"name":"Financier Noisette petit format par 20"}]},{"@type":"WebSite","@id":"https:\/\/amandes-et-cie.com\/#website","url":"https:\/\/amandes-et-cie.com\/","name":"Amandes et Compagnie","description":"Bienvenue au nouveau labo \u00e0 S\u00e8vres","potentialAction":[{"@type":"SearchAction","target":{"@type":"EntryPoint","urlTemplate":"https:\/\/amandes-et-cie.com\/?s={search_term_string}"},"query-input":"required name=search_term_string"}],"inLanguage":"fr-FR"}]}},"_links":{"self":[{"href":"https:\/\/amandes-et-cie.com\/index.php\/wp-json\/wp\/v2\/product\/452","targetHints":{"allow":["GET"]}}],"collection":[{"href":"https:\/\/amandes-et-cie.com\/index.php\/wp-json\/wp\/v2\/product"}],"about":[{"href":"https:\/\/amandes-et-cie.com\/index.php\/wp-json\/wp\/v2\/types\/product"}],"replies":[{"embeddable":true,"href":"https:\/\/amandes-et-cie.com\/index.php\/wp-json\/wp\/v2\/comments?post=452"}],"version-history":[{"count":3,"href":"https:\/\/amandes-et-cie.com\/index.php\/wp-json\/wp\/v2\/product\/452\/revisions"}],"predecessor-version":[{"id":927,"href":"https:\/\/amandes-et-cie.com\/index.php\/wp-json\/wp\/v2\/product\/452\/revisions\/927"}],"wp:featuredmedia":[{"embeddable":true,"href":"https:\/\/amandes-et-cie.com\/index.php\/wp-json\/wp\/v2\/media\/433"}],"wp:attachment":[{"href":"https:\/\/amandes-et-cie.com\/index.php\/wp-json\/wp\/v2\/media?parent=452"}],"wp:term":[{"taxonomy":"product_brand","embeddable":true,"href":"https:\/\/amandes-et-cie.com\/index.php\/wp-json\/wp\/v2\/product_brand?post=452"},{"taxonomy":"product_cat","embeddable":true,"href":"https:\/\/amandes-et-cie.com\/index.php\/wp-json\/wp\/v2\/product_cat?post=452"},{"taxonomy":"product_tag","embeddable":true,"href":"https:\/\/amandes-et-cie.com\/index.php\/wp-json\/wp\/v2\/product_tag?post=452"}],"curies":[{"name":"wp","href":"https:\/\/api.w.org\/{rel}","templated":true}]}}